{"id":100,"date":"2018-02-23T22:01:24","date_gmt":"2018-02-23T21:01:24","guid":{"rendered":"http:\/\/stowarzyszenie.mateja.edu.pl\/?page_id=100"},"modified":"2020-09-11T20:43:01","modified_gmt":"2020-09-11T18:43:01","slug":"kontakt","status":"publish","type":"page","link":"https:\/\/stowarzyszenie.mateja.edu.pl\/index.php\/kontakt\/","title":{"rendered":"Kontakt"},"content":{"rendered":"<h4>Siedziba stowarzyszenia<\/h4>\n<p>Stowarzyszenie Absolwent\u00f3w i Przyjaci\u00f3\u0142 II Liceum Og\u00f3lnokszta\u0142c\u0105cego im. Jana Matejki w Siemianowicach \u015al\u0105skich<br \/>\nul. Le\u015bna 1<br \/>\n41-100 Siemianowice \u015al\u0105skie<\/p>\n<p>Numer KRS: 0000791568<br \/>\nREGON: 369416039<br \/>\nNIP: 6431770125<\/p>\n<p>Numer konta: 67 1140 2004 0000 3002 7742 7305<\/p>\n<p>email: absolwenci@mateja.edu.pl<\/p>\n","protected":false},"excerpt":{"rendered":"<p><a class=\"read-more\" href=\"https:\/\/stowarzyszenie.mateja.edu.pl\/index.php\/kontakt\/\">Continue reading<\/a><\/p>\n","protected":false},"author":1,"featured_media":0,"parent":0,"menu_order":0,"comment_status":"closed","ping_status":"closed","template":"page-templates\/page_fullwidth.php","meta":{"jetpack_post_was_ever_published":false,"footnotes":""},"class_list":["post-100","page","type-page","status-publish","hentry"],"jetpack_sharing_enabled":true,"jetpack_shortlink":"https:\/\/wp.me\/P9GPbi-1C","_links":{"self":[{"href":"https:\/\/stowarzyszenie.mateja.edu.pl\/index.php\/wp-json\/wp\/v2\/pages\/100","targetHints":{"allow":["GET"]}}],"collection":[{"href":"https:\/\/stowarzyszenie.mateja.edu.pl\/index.php\/wp-json\/wp\/v2\/pages"}],"about":[{"href":"https:\/\/stowarzyszenie.mateja.edu.pl\/index.php\/wp-json\/wp\/v2\/types\/page"}],"author":[{"embeddable":true,"href":"https:\/\/stowarzyszenie.mateja.edu.pl\/index.php\/wp-json\/wp\/v2\/users\/1"}],"replies":[{"embeddable":true,"href":"https:\/\/stowarzyszenie.mateja.edu.pl\/index.php\/wp-json\/wp\/v2\/comments?post=100"}],"version-history":[{"count":6,"href":"https:\/\/stowarzyszenie.mateja.edu.pl\/index.php\/wp-json\/wp\/v2\/pages\/100\/revisions"}],"predecessor-version":[{"id":618,"href":"https:\/\/stowarzyszenie.mateja.edu.pl\/index.php\/wp-json\/wp\/v2\/pages\/100\/revisions\/618"}],"wp:attachment":[{"href":"https:\/\/stowarzyszenie.mateja.edu.pl\/index.php\/wp-json\/wp\/v2\/media?parent=100"}],"curies":[{"name":"wp","href":"https:\/\/api.w.org\/{rel}","templated":true}]}}