{"id":107,"date":"2018-02-23T22:08:50","date_gmt":"2018-02-23T21:08:50","guid":{"rendered":"http:\/\/stowarzyszenie.mateja.edu.pl\/?page_id=107"},"modified":"2025-12-08T10:13:22","modified_gmt":"2025-12-08T09:13:22","slug":"o-stowarzyszeniu","status":"publish","type":"page","link":"https:\/\/stowarzyszenie.mateja.edu.pl\/index.php\/o-stowarzyszeniu\/","title":{"rendered":"O Stowarzyszeniu"},"content":{"rendered":"<p>Stowarzyszenie zosta\u0142o za\u0142o\u017cone w grudniu 2017 roku, w zwi\u0105zku z jubileuszem szko\u0142y. Prezesem zosta\u0142 wybrany dr Kamil Pa\u017adzior, wiceprezesami s\u0105 \u2013 Betina F\u00fcllbier i Roksana Poloczek.<\/p>\n<p>Zgodnie ze regulaminem stowarzyszenia, jego celem jest:<\/p>\n<ul>\n<li>dzia\u0142anie na rzecz integracji spo\u0142eczno\u015bci absolwent\u00f3w, uczni\u00f3w, emeryt\u00f3w, pracownik\u00f3w i przyjaci\u00f3\u0142 II Liceum Og\u00f3lnokszta\u0142c\u0105cego im. Jana Matejki w Siemianowicach \u015al\u0105skich (dalej: \u201eII LO\u201d);<\/li>\n<li>wsp\u00f3\u0142praca ze \u015brodowiskiem lokalnym;<\/li>\n<li>pomoc w realizacji dzia\u0142a\u0144 i projekt\u00f3w edukacyjnych, inicjatywach wychowawczych i spo\u0142ecznych II LO;<\/li>\n<li>pozyskiwanie sponsor\u00f3w i u\u0142atwianie nawi\u0105zywania kontakt\u00f3w z instytucjami krajowymi i zagranicznymi;<\/li>\n<li>kultywowanie tradycji oraz promocja osi\u0105gni\u0119\u0107 II LO, jego uczni\u00f3w i absolwent\u00f3w;<\/li>\n<li>wspieranie i promowanie najzdolniejszych uczni\u00f3w II LO;<\/li>\n<li>pomoc pracownikom i absolwentom II LO znajduj\u0105cym si\u0119 w trudnej sytuacji \u017cyciowej.<\/li>\n<\/ul>\n<p>Stowarzyszenie realizuje swoje cele poprzez:<\/p>\n<ul>\n<li>wsp\u00f3\u0142prac\u0119 z organami II LO, w\u0142adzami o\u015bwiatowymi i lokalnymi;<\/li>\n<li>organizowanie spotka\u0144 spo\u0142eczno\u015bci, inspirowanie dzia\u0142a\u0144 i nawi\u0105zywanie wsp\u00f3\u0142pracy z r\u00f3\u017cnymi instytucjami;<\/li>\n<li>gromadzenie archiwali\u00f3w i popularyzacj\u0119 dziej\u00f3w II LO;<\/li>\n<li>wsparcie dla realizacji projekt\u00f3w edukacyjnych i lokalnych inicjatyw spo\u0142ecznych;<\/li>\n<li>gromadzenie \u015brodk\u00f3w wspieraj\u0105cych dzia\u0142alno\u015b\u0107 Stowarzyszenia i II LO;<\/li>\n<\/ul>\n<p>Zainteresowanych wsp\u00f3\u0142prac\u0105 prosimy o kontakt za po\u015brednictwem emaila jubileusz@mateja.edu.pl<\/p>\n<p>Poni\u017cej znajduj\u0105 si\u0119 dokumenty zwi\u0105zane z dzia\u0142alno\u015bci\u0105 Stowarzyszenia.<\/p>\n<ul>\n<li><a href=\"http:\/\/mateja.edu.pl\/wp-content\/plugins\/download-attachments\/includes\/download.php?id=18090\">Regulamin stowarzyszenia<\/a><\/li>\n<\/ul>\n<p><strong>W dniu 25 marca 2019 r. Walne Zebranie cz\u0142onk\u00f3w Stowarzyszenia podj\u0119\u0142o uchwa\u0142\u0119 o przekszta\u0142ceniu stowarzyszenia zwyk\u0142ego i zarejestrowanie go w Krajowym Rejestrze S\u0105dowym. Informacja ta zosta\u0142a podana do publicznej wiadomo\u015bci na stronie internetowej Stowarzyszenia oraz na szkolnej Tablicy Og\u0142osze\u0144.<\/strong><\/p>\n\n\n<h4 class=\"wp-block-heading\"> <br>Uchwa\u0142a Walnego Zebrania Stowarzyszenia z dnia 25.03.2019 <\/h4>\n\n\n\n<div class=\"wp-block-file\"><a href=\"https:\/\/stowarzyszenie.mateja.edu.pl\/wp-content\/uploads\/2019\/07\/Uchwa\u0142a-Walnego-Zebrania-Stowarzyszenia-z-dnia-25.03.2019.pdf\">Uchwa\u0142a Walnego Zebrania Stowarzyszenia z dnia 25.03.2019<\/a><a href=\"https:\/\/stowarzyszenie.mateja.edu.pl\/wp-content\/uploads\/2019\/07\/Uchwa\u0142a-Walnego-Zebrania-Stowarzyszenia-z-dnia-25.03.2019.pdf\" class=\"wp-block-file__button wp-element-button\" download>Pobierz<\/a><\/div>\n","protected":false},"excerpt":{"rendered":"<p><a class=\"read-more\" href=\"https:\/\/stowarzyszenie.mateja.edu.pl\/index.php\/o-stowarzyszeniu\/\">Continue reading<\/a><\/p>\n","protected":false},"author":1,"featured_media":0,"parent":0,"menu_order":0,"comment_status":"closed","ping_status":"closed","template":"page-templates\/page_fullwidth.php","meta":{"jetpack_post_was_ever_published":false,"footnotes":""},"class_list":["post-107","page","type-page","status-publish","hentry"],"jetpack_sharing_enabled":true,"jetpack_shortlink":"https:\/\/wp.me\/P9GPbi-1J","_links":{"self":[{"href":"https:\/\/stowarzyszenie.mateja.edu.pl\/index.php\/wp-json\/wp\/v2\/pages\/107","targetHints":{"allow":["GET"]}}],"collection":[{"href":"https:\/\/stowarzyszenie.mateja.edu.pl\/index.php\/wp-json\/wp\/v2\/pages"}],"about":[{"href":"https:\/\/stowarzyszenie.mateja.edu.pl\/index.php\/wp-json\/wp\/v2\/types\/page"}],"author":[{"embeddable":true,"href":"https:\/\/stowarzyszenie.mateja.edu.pl\/index.php\/wp-json\/wp\/v2\/users\/1"}],"replies":[{"embeddable":true,"href":"https:\/\/stowarzyszenie.mateja.edu.pl\/index.php\/wp-json\/wp\/v2\/comments?post=107"}],"version-history":[{"count":12,"href":"https:\/\/stowarzyszenie.mateja.edu.pl\/index.php\/wp-json\/wp\/v2\/pages\/107\/revisions"}],"predecessor-version":[{"id":809,"href":"https:\/\/stowarzyszenie.mateja.edu.pl\/index.php\/wp-json\/wp\/v2\/pages\/107\/revisions\/809"}],"wp:attachment":[{"href":"https:\/\/stowarzyszenie.mateja.edu.pl\/index.php\/wp-json\/wp\/v2\/media?parent=107"}],"curies":[{"name":"wp","href":"https:\/\/api.w.org\/{rel}","templated":true}]}}