{"id":282,"date":"2019-04-11T08:35:54","date_gmt":"2019-04-11T06:35:54","guid":{"rendered":"https:\/\/stowarzyszenie.mateja.edu.pl\/?page_id=282"},"modified":"2019-04-18T11:26:19","modified_gmt":"2019-04-18T09:26:19","slug":"matejkowskie-kapele","status":"publish","type":"page","link":"https:\/\/stowarzyszenie.mateja.edu.pl\/index.php\/matejkowskie-kapele\/","title":{"rendered":"Muzyka w Matei"},"content":{"rendered":"\n<p>Istniej\u0105ca od 1956 r. Mateja przyci\u0105ga niespokojne, artystycznie i muzycznie uzdolnione duchy. &nbsp;W dawnym przeciwatomowym schronie eksploduj\u0105 talenty, a Dzie\u0144 Patrona obfituje w debiuty. <\/p>\n\n\n\n<p>Pierwsze trzy dekady szko\u0142y zwi\u0105zane s\u0105 z osob\u0105 mgr. Piotra Weintrita, kt\u00f3ry prowadzi\u0142 ludowy ch\u00f3r i zesp\u00f3\u0142 \u201eMandolina\u201d (mandoliny, gitara, akordeon, fortepian). Powsta\u0142 wtedy oficjalny hymn szko\u0142y pt. &#8222;Wyzwanie&#8221; (s\u0142. K. Koper, muz. P. Weintrit), natomiast w ramach jubileuszu 50 lecia szko\u0142y nagrana zosta\u0142a piosenka &#8222;Jasiu Matejko&#8221; (s\u0142. K. Pa\u017adzior, muz. MBB). Doroczny \u201eDzie\u0144 Patrona\u201d ko\u0144czy si\u0119 zawsze koncertem, kt\u00f3ry kiedy\u015b przekszta\u0142ci\u0142 si\u0119 w jam session z J\u00f3zefem Skrzekiem (SBB). Kilka mi\u0119dzynarodowych projekt\u00f3w zaowocowa\u0142o prac\u0105 w profesjonalnym studiu nagra\u0144. W podziemiach szko\u0142y, w dawnym schronie przeciwatomowym funkcjonuje obecnie sala pr\u00f3b muzycznych. Wyposa\u017cona w perkusj\u0119 i sprz\u0119t nag\u0142o\u015bnieniowy jest ulubionym miejscem m\u0142odych Matejkowskich muzyk\u00f3w. <\/p>\n\n\n\n<p>Oto kapele, ksywy i sk\u0142ady, w (pod) kt\u00f3rych (kt\u00f3rymi) mo\u017cna (by\u0142o) us\u0142ysze\u0107 Matejkowicz\u00f3w  w latach 1956-2019: 2HCL,  Aga (Agnieszka Adamczewska),  Allegro Assai, Bedi,  BisPanowie, BKKB, Bubson (Jakub Nowak), Bunker Mentality, Droga Ewakuacyjna, EFIDE,  Fotografia, Grandies, Joy, Koniec \u015awiata, KONZEPTION, London Type Smog, Mandolina, Mansjonarz, Musicopter, Mateja Blues Band, Miuosh (Mi\u0142osz Borycki), Mishon (Freya, Aleksandra Kasprzyk), Mothernight, Niedu\u017ca Orkiestra, Pierwszy Wariant, PIN, Pogubimy si\u0119, Propaganja, Projektor, Rozjechali Mi Oposa,  Stowarzyszenie Grupa Tw\u00f3rcza \u201eOcochodzi\u201d, Strzyga!, To Nasze Miejsce, WAT, Wrony, Zapychacze Czasu, \u2026 a lista na pewno niepe\u0142na.  <br><\/p>\n\n\n\n<p>Muzyczne dokonania uczni\u00f3w i absolwent\u00f3w Matei b\u0119dziemy poni\u017cej sukcesywnie zamieszcza\u0107.  <br><\/p>\n\n\n\n<figure class=\"wp-block-audio\"><audio controls src=\"https:\/\/stowarzyszenie.mateja.edu.pl\/wp-content\/uploads\/2019\/04\/01.-MBB-Jasiu-Matejko.mp3\"><\/audio><figcaption><strong>MBB &#8211; Jasiu Matejko<\/strong><br> <br>Mateja Blues Band, Jasiu Matejko (studio Wojkowice, 2006), muz. MBB, s\u0142. K. Pa\u017adzior, wokal Roksana Wieczorek, Jakub &#8222;Bubson&#8221; Nowak, gitary Dariusz Sojka, Kamil Pa\u017adzior, bas Piotr Gawenda, perkusja Marcin \u0106wirko<br>Piosenka na <a rel=\"noreferrer noopener\" aria-label=\" (opens in a new tab)\" href=\"https:\/\/www.tekstowo.pl\/piosenka,mateja_blues_band,jasiu_matejko.html\" target=\"_blank\">tekstowo.pl<\/a> <br><\/figcaption><\/figure>\n\n\n\n<figure class=\"wp-block-audio\"><audio controls src=\"https:\/\/stowarzyszenie.mateja.edu.pl\/wp-content\/uploads\/2019\/04\/02.-Mateja-Blues-Band-MBB.mp3\"><\/audio><figcaption><strong>MBB &#8211;  Mateja Blues Band<\/strong><br><br>MBB, Mateja Blues Band (koncert, DK Andaluzja, Piekary \u015al. 2008), muz. i s\u0142. M. \u0106wirko,  <br>wokal Sylwia Dzi\u0119cio\u0142, gitary Dariusz Sojka, Kamil Pa\u017adzior, bas Piotr Gawenda, perkusja Marcin \u0106wirko <br>Piosenka na <a rel=\"noreferrer noopener\" aria-label=\"tekstowo.pl (opens in a new tab)\" href=\"https:\/\/www.tekstowo.pl\/piosenka,mateja_blues_band,mateja_blues_band.html\" target=\"_blank\">tekstowo.pl<\/a><\/figcaption><\/figure>\n\n\n\n<figure class=\"wp-block-audio\"><audio controls src=\"https:\/\/stowarzyszenie.mateja.edu.pl\/wp-content\/uploads\/2019\/04\/03.-Ameryka-Wrony.mp3\"><\/audio><figcaption><strong>Wrony &#8211; Ameryka<\/strong><br>z p\u0142yty Nowa Noc, 2002, wokal Aleksandra Kasprzyk, gitary Micha\u0142 Cholewa, Marcin Mi\u0142y, Miros\u0142aw Rzepa, bas Piotr Janocha; utw\u00f3r powsta\u0142 po zamachu na World Trade Center<\/figcaption><\/figure>\n\n\n\n<figure class=\"wp-block-audio\"><audio controls src=\"https:\/\/stowarzyszenie.mateja.edu.pl\/wp-content\/uploads\/2019\/04\/04.Ma\u0142y-\u015awiat-Wrony.mp3\"><\/audio><figcaption><strong>Wrony &#8211; Ma\u0142y \u015awiat<\/strong><br>z p\u0142yty Nowa Noc, 2002, wokal Aleksandra Kasprzyk, gitary Micha\u0142 Cholewa, Marcin Mi\u0142y,  bas Piotr Janocha <\/figcaption><\/figure>\n\n\n\n<figure class=\"wp-block-audio\"><audio controls src=\"https:\/\/stowarzyszenie.mateja.edu.pl\/wp-content\/uploads\/2019\/04\/05.Mam-Czas-Wrony.mp3\"><\/audio><figcaption><strong>Wrony &#8211; Mam Czas<\/strong><br>z p\u0142yty Nowa Noc, 2002, wokal Aleksandra Kasprzyk, gitary Micha\u0142 Cholewa, Marcin Mi\u0142y,  bas Piotr Janocha <\/figcaption><\/figure>\n\n\n\n<figure class=\"wp-block-audio\"><audio controls src=\"https:\/\/stowarzyszenie.mateja.edu.pl\/wp-content\/uploads\/2019\/04\/2LO-Eg\u00e9szs\u00e9g\u00e9re-1.mp3\"><\/audio><figcaption><strong>Eg\u00e9szs\u00e9g\u00e9re, Comenius Team<\/strong><br> utw\u00f3r nagrany w ramach programu Comenius z udzia\u0142em m\u0142odzie\u017cy z Grecji, Belgii, Hiszpanii, W\u0119gier, Litwy, Turcji, Polski (MAQ Records Studio Nagra\u0144, 2010), wokal Agnieszka Adamczewska i in., gitary Dominika Barto\u0144, Katarzyna Bobak, bas Karolina Kornobis, cahon Pawe\u0142 Sontag<\/figcaption><\/figure>\n\n\n\n<figure class=\"wp-block-audio\"><audio controls src=\"https:\/\/stowarzyszenie.mateja.edu.pl\/wp-content\/uploads\/2019\/04\/2LO-Apokalipsa.mp3\"><\/audio><figcaption> <br><strong>Apokalipsa, Comenius Team<\/strong><br> utw\u00f3r nagrany w ramach programu Comenius z udzia\u0142em m\u0142odzie\u017cy z Grecji, Belgii, Hiszpanii, W\u0119gier, Litwy, Turcji, Polski (MAQ Records Studio Nagra\u0144, 2010), s\u0142. i muz. K. Pa\u017adzior, wokal Agnieszka Adamczewska, Pawe\u0142 Sontag, gitary Dominika Barto\u0144, Katarzyna Bobak, Kamil Pa\u017adzior, bas Karolina Kornobis, cahon Katarzyna Bobak<\/figcaption><\/figure>\n\n\n\n<figure class=\"wp-block-audio\"><audio controls src=\"https:\/\/stowarzyszenie.mateja.edu.pl\/wp-content\/uploads\/2019\/04\/2LO-Are-we-green-enough.mp3\"><\/audio><figcaption><strong>Are we green enough, Comenius Team<\/strong><br> utw\u00f3r nagrany w ramach programu Comenius z udzia\u0142em m\u0142odzie\u017cy z Belgii, W\u0119gier, Litwy, Turcji, Polski i Hiszpanii  (MAQ Records Studio Nagra\u0144, 2013),  <br>s\u0142. Agata Budziak, muz. K. Pa\u017adzior, wokal Weronika Papierkowska, Alicja Piaskowska i in., saksofon Zuzanna Motak, gitary Betina F\u00fcllbier, Adam Bia\u0142ecki, bas i piano Wojciech Harasimowicz, perkusja Dorota Zachara<\/figcaption><\/figure>\n\n\n\n<figure class=\"wp-block-embed-youtube wp-block-embed is-type-video is-provider-youtube wp-embed-aspect-16-9 wp-has-aspect-ratio\"><div class=\"wp-block-embed__wrapper\">\n<iframe loading=\"lazy\" title=\"Miuosh ft. Jan &quot;Kyks&quot; Skrzek - Pi\u0105ta Strona \u015awiata\" width=\"1170\" height=\"658\" src=\"https:\/\/www.youtube.com\/embed\/4Fx4mshinO0?feature=oembed\" frameborder=\"0\" allow=\"accelerometer; autoplay; clipboard-write; encrypted-media; gyroscope; picture-in-picture; web-share\" referrerpolicy=\"strict-origin-when-cross-origin\" allowfullscreen><\/iframe>\n<\/div><figcaption><strong>Miuosh <\/strong>(Mi\u0142osz Borycki)<strong>, Pi\u0105ta strona \u015bwiata feat. Jan &#8222;Kyks&#8221; Skrzek<\/strong><\/figcaption><\/figure>\n\n\n\n<figure class=\"wp-block-embed-youtube wp-block-embed is-type-video is-provider-youtube wp-embed-aspect-4-3 wp-has-aspect-ratio\"><div class=\"wp-block-embed__wrapper\">\n<iframe loading=\"lazy\" title=\"London type smog - Parasole spadochrony\" width=\"1170\" height=\"878\" src=\"https:\/\/www.youtube.com\/embed\/MIdsywvulJQ?feature=oembed\" frameborder=\"0\" allow=\"accelerometer; autoplay; clipboard-write; encrypted-media; gyroscope; picture-in-picture; web-share\" referrerpolicy=\"strict-origin-when-cross-origin\" allowfullscreen><\/iframe>\n<\/div><figcaption> <br><strong>London Type Smog &#8211; Parasole spadochrony, <\/strong>z p\u0142yty  <br> Antyty Antyja <strong> <\/strong>(Pawe\u0142 Osowski &#8211; gitara, \u0141ukasz Korus &#8211; bas)<\/figcaption><\/figure>\n\n\n\n<figure class=\"wp-block-embed-youtube wp-block-embed is-type-video is-provider-youtube wp-embed-aspect-16-9 wp-has-aspect-ratio\"><div class=\"wp-block-embed__wrapper\">\n<iframe loading=\"lazy\" title=\"Agnieszka Adamczewska - Na wszystko przyjdzie czas\" width=\"1170\" height=\"658\" src=\"https:\/\/www.youtube.com\/embed\/ZYt_SxPzWUk?feature=oembed\" frameborder=\"0\" allow=\"accelerometer; autoplay; clipboard-write; encrypted-media; gyroscope; picture-in-picture; web-share\" referrerpolicy=\"strict-origin-when-cross-origin\" allowfullscreen><\/iframe>\n<\/div><figcaption> <br><strong>Agnieszka Adamczewska &#8211; Na wszystko przyjdzie czas,<\/strong> <br>debiutancki singiel <\/figcaption><\/figure>\n\n\n\n<figure class=\"wp-block-embed-youtube wp-block-embed is-type-video is-provider-youtube wp-embed-aspect-4-3 wp-has-aspect-ratio\"><div class=\"wp-block-embed__wrapper\">\n<iframe loading=\"lazy\" title=\"Droga Ewakuacyjna - Pi\u00f3rko\" width=\"1170\" height=\"878\" src=\"https:\/\/www.youtube.com\/embed\/iyGtiKUXQA4?feature=oembed\" frameborder=\"0\" allow=\"accelerometer; autoplay; clipboard-write; encrypted-media; gyroscope; picture-in-picture; web-share\" referrerpolicy=\"strict-origin-when-cross-origin\" allowfullscreen><\/iframe>\n<\/div><figcaption><strong>Droga Ewakuacyjna &#8211; Pi\u00f3rko<\/strong>, (Karina Osowska &#8211; wokal)<\/figcaption><\/figure>\n\n\n\n<figure class=\"wp-block-embed-youtube wp-block-embed is-type-video is-provider-youtube wp-embed-aspect-16-9 wp-has-aspect-ratio\"><div class=\"wp-block-embed__wrapper\">\n<iframe loading=\"lazy\" title=\"Fotografia - Nie trzeba k\u0142ama\u0107\" width=\"1170\" height=\"658\" src=\"https:\/\/www.youtube.com\/embed\/5Ln6rFYKk2M?feature=oembed\" frameborder=\"0\" allow=\"accelerometer; autoplay; clipboard-write; encrypted-media; gyroscope; picture-in-picture; web-share\" referrerpolicy=\"strict-origin-when-cross-origin\" allowfullscreen><\/iframe>\n<\/div><figcaption> <br><strong>Fotografia &#8211; Nie trzeba k\u0142ama\u0107<\/strong> (wokal, gitary, teksty, muzyka &#8211; Micha\u0142 Cholewa)<\/figcaption><\/figure>\n\n\n\n<figure class=\"wp-block-embed-youtube wp-block-embed is-type-video is-provider-youtube wp-embed-aspect-4-3 wp-has-aspect-ratio\"><div class=\"wp-block-embed__wrapper\">\n<iframe loading=\"lazy\" title=\"Mothernight &quot;Another Chance?&quot;\" width=\"1170\" height=\"878\" src=\"https:\/\/www.youtube.com\/embed\/lLJXBBVHtro?feature=oembed\" frameborder=\"0\" allow=\"accelerometer; autoplay; clipboard-write; encrypted-media; gyroscope; picture-in-picture; web-share\" referrerpolicy=\"strict-origin-when-cross-origin\" allowfullscreen><\/iframe>\n<\/div><figcaption> <br><strong>Mothernight &#8211; Another Chance?<\/strong> (Aleksandra Kasprzyk &#8211; wokal)<\/figcaption><\/figure>\n\n\n\n<figure class=\"wp-block-embed-youtube wp-block-embed is-type-video is-provider-youtube wp-embed-aspect-16-9 wp-has-aspect-ratio\"><div class=\"wp-block-embed__wrapper\">\n<iframe loading=\"lazy\" title=\"Bubson ft. Agnieszka Adamczewska - Inna Wizja Mi\u0142o\u015bci (prod.Rhonk)\" width=\"1170\" height=\"658\" src=\"https:\/\/www.youtube.com\/embed\/-qGOPaFPEAU?feature=oembed\" frameborder=\"0\" allow=\"accelerometer; autoplay; clipboard-write; encrypted-media; gyroscope; picture-in-picture; web-share\" referrerpolicy=\"strict-origin-when-cross-origin\" allowfullscreen><\/iframe>\n<\/div><figcaption> <br><strong>Bubson ft. Agnieszka Adamczewska &#8211; Inna Wizja Mi\u0142o\u015bci<\/strong> (tekst, muza, zajawka Jakub Nowak, wokal Aga Adamczewska)<\/figcaption><\/figure>\n\n\n\n<figure class=\"wp-block-embed-youtube wp-block-embed is-type-video is-provider-youtube wp-embed-aspect-16-9 wp-has-aspect-ratio\"><div class=\"wp-block-embed__wrapper\">\n<iframe loading=\"lazy\" title=\"PIN - Film o sobie\" width=\"1170\" height=\"658\" src=\"https:\/\/www.youtube.com\/embed\/Ia2s-IsVNqU?feature=oembed\" frameborder=\"0\" allow=\"accelerometer; autoplay; clipboard-write; encrypted-media; gyroscope; picture-in-picture; web-share\" referrerpolicy=\"strict-origin-when-cross-origin\" allowfullscreen><\/iframe>\n<\/div><figcaption> <br><strong>PIN &#8211; Film o sobie<\/strong> (Sebastian Kowol &#8211; gitara)<\/figcaption><\/figure>\n\n\n\n<figure class=\"wp-block-embed-youtube wp-block-embed is-type-video is-provider-youtube wp-embed-aspect-16-9 wp-has-aspect-ratio\"><div class=\"wp-block-embed__wrapper\">\n<iframe loading=\"lazy\" title=\"Koniec \u015awiata FULL KONCERT - Przystanek Woodstock 2017, Pokojowa Wioska Kryszny\" width=\"1170\" height=\"658\" src=\"https:\/\/www.youtube.com\/embed\/61lLYXgmpWA?feature=oembed\" frameborder=\"0\" allow=\"accelerometer; autoplay; clipboard-write; encrypted-media; gyroscope; picture-in-picture; web-share\" referrerpolicy=\"strict-origin-when-cross-origin\" allowfullscreen><\/iframe>\n<\/div><figcaption> <br><strong>Koniec \u015awiata &#8211; Przystanek Woodstock 2017<\/strong> (Jacek Czepu\u0142kowski &#8211; gitara)<\/figcaption><\/figure>\n\n\n\n<p style=\"text-align:center\"><strong>Z ostatniej chwili:<\/strong><\/p>\n\n\n\n<figure class=\"wp-block-embed-youtube wp-block-embed is-type-video is-provider-youtube wp-embed-aspect-16-9 wp-has-aspect-ratio\"><div class=\"wp-block-embed__wrapper\">\n<iframe loading=\"lazy\" title=\"Przy\u0142u &amp; VBS ft. Skip - Dark\" width=\"1170\" height=\"658\" src=\"https:\/\/www.youtube.com\/embed\/OFI82Xybwd4?feature=oembed\" frameborder=\"0\" allow=\"accelerometer; autoplay; clipboard-write; encrypted-media; gyroscope; picture-in-picture; web-share\" referrerpolicy=\"strict-origin-when-cross-origin\" allowfullscreen><\/iframe>\n<\/div><figcaption> <br><strong>Przy\u0142u &amp; VBS ft. Skip &#8211; Dark <\/strong>(re\u017c. nasz absolwent Adrian Kawa, cz\u0119\u015b\u0107 zdj\u0119\u0107 kr\u0119cono w podziemiach szko\u0142y, premiera 12.04.2019)<\/figcaption><\/figure>\n\n\n\n<figure><iframe loading=\"lazy\" width=\"560\" height=\"315\" src=\"https:\/\/www.youtube.com\/embed\/TMBGpCoUxM0\" allowfullscreen=\"\"><\/iframe><\/figure>\n\n\n\n<p style=\"text-align:left\"> <strong><font face=\"Lato\">Strzyga! &#8211; U\u015bnij<\/strong> (wokal i teksty Paulina Nowak, premiera 17.04.2019)<\/font><\/p>\n","protected":false},"excerpt":{"rendered":"<p><a class=\"read-more\" href=\"https:\/\/stowarzyszenie.mateja.edu.pl\/index.php\/matejkowskie-kapele\/\">Continue reading<\/a><\/p>\n","protected":false},"author":3,"featured_media":0,"parent":0,"menu_order":0,"comment_status":"closed","ping_status":"closed","template":"","meta":{"jetpack_post_was_ever_published":false,"footnotes":""},"class_list":["post-282","page","type-page","status-publish","hentry"],"jetpack_sharing_enabled":true,"jetpack_shortlink":"https:\/\/wp.me\/P9GPbi-4y","_links":{"self":[{"href":"https:\/\/stowarzyszenie.mateja.edu.pl\/index.php\/wp-json\/wp\/v2\/pages\/282","targetHints":{"allow":["GET"]}}],"collection":[{"href":"https:\/\/stowarzyszenie.mateja.edu.pl\/index.php\/wp-json\/wp\/v2\/pages"}],"about":[{"href":"https:\/\/stowarzyszenie.mateja.edu.pl\/index.php\/wp-json\/wp\/v2\/types\/page"}],"author":[{"embeddable":true,"href":"https:\/\/stowarzyszenie.mateja.edu.pl\/index.php\/wp-json\/wp\/v2\/users\/3"}],"replies":[{"embeddable":true,"href":"https:\/\/stowarzyszenie.mateja.edu.pl\/index.php\/wp-json\/wp\/v2\/comments?post=282"}],"version-history":[{"count":49,"href":"https:\/\/stowarzyszenie.mateja.edu.pl\/index.php\/wp-json\/wp\/v2\/pages\/282\/revisions"}],"predecessor-version":[{"id":377,"href":"https:\/\/stowarzyszenie.mateja.edu.pl\/index.php\/wp-json\/wp\/v2\/pages\/282\/revisions\/377"}],"wp:attachment":[{"href":"https:\/\/stowarzyszenie.mateja.edu.pl\/index.php\/wp-json\/wp\/v2\/media?parent=282"}],"curies":[{"name":"wp","href":"https:\/\/api.w.org\/{rel}","templated":true}]}}