{"id":32,"date":"2018-02-23T17:05:15","date_gmt":"2018-02-23T16:05:15","guid":{"rendered":"http:\/\/stowarzyszenie.mateja.edu.pl\/?page_id=32"},"modified":"2023-05-19T15:34:53","modified_gmt":"2023-05-19T13:34:53","slug":"witamy","status":"publish","type":"page","link":"https:\/\/stowarzyszenie.mateja.edu.pl\/","title":{"rendered":"Witamy"},"content":{"rendered":"<p>Witamy na stronie Stowarzyszenia Absolwent\u00f3w i Przyjaci\u00f3\u0142 II Liceum Og\u00f3lnokszta\u0142c\u0105cego im. Jana Matejki w Siemianowicach \u015al\u0105skich, czyli Stowarzyszenia MATEJA.<\/p>\n<p>Powsta\u0142o ono w zwi\u0105zku z obchodami jubileuszu 60-lecia naszej szko\u0142y, a obecnie podejmuje dzia\u0142ania wspieraj\u0105ce i promuj\u0105ce osi\u0105gni\u0119cia szko\u0142y, jej absolwent\u00f3w, pracownik\u00f3w i uczni\u00f3w. Szczeg\u00f3ln\u0105 opiek\u0105 otaczamy Matejkowskich wolontariuszy.<\/p>\n<h1><strong>Ekorajd w Dolinie Skawy<\/strong><\/h1>\n<p>We wsp\u00f3\u0142pracy z Fundacj\u0105 im. dr. Mariana Kantona przy Bank Pekao S.A. zorganizowali\u015bmy 25 wrze\u015bnia 2022 r. Ekorajd w Dolinie Skawy. Ze \u015brodk\u00f3w Fundacji zakupiono niezb\u0119dny sprz\u0119t do monta\u017c budek l\u0119gowych w otulinie budynku naszego Liceum. Uczniowie, kadra nauczycielska i wolontariusze zaanga\u017cowali si\u0119 w projekt, by znacz\u0105co poprawi\u0107 los naszych skrzydlatych przyjaci\u00f3\u0142. Dzi\u0119kujemy szczeg\u00f3lnie nieocenionym organizatorom, Panu Adamowi Balonowi, nauczycielowi II LO oraz Panu Markowi Grabiwodzie z Banku Pekao S.A. Uczestnikom dzi\u0119kujemy za po\u015bwi\u0119cony czas, a Fundacji za przekazane \u015brodki. Wi\u0119cej <a href=\"https:\/\/stowarzyszenie.mateja.edu.pl\/index.php\/organizujemy-wydarzenia\/\">tu .<\/a><\/p>\n<h1>Dzia\u0142amy charytatywnie<\/h1>\n<p>Mateja dla Helenki<\/p>\n<p>Mateja dla Marcinka<\/p>\n<p>Wi\u0119cej <a href=\"https:\/\/www.facebook.com\/stowarzyszenieMATEJA\">tu<\/a>.<\/p>\n<h1 style=\"text-align: left;\"><strong><span style=\"color: #ff0000;\"><span style=\"color: #000000;\">Konkurs &#8222;Poetyckie Drogi&#8221; <\/span><\/span><\/strong><\/h1>\n<p style=\"text-align: left;\"><strong><span style=\"color: #ff0000;\">ku czci Profesora Eugeniusza Sikorskiego<\/span><\/strong><\/p>\n<p>Podsumowali\u015bmy w\u0142a\u015bnie projekt konkursu poetyckiego dla uczczenia pami\u0119ci Profesora Eugeniusza Sikorskiego, projekt sfinansowany dzi\u0119ki grantowi Urz\u0119du Miasta Siemianowice \u015al. Konkurs zosta\u0142 og\u0142oszony 01.09.2020 r., a jego rozstrzygni\u0119cie nast\u0105pi\u0142o dnia 19 pa\u017adziernika 2020 r. w SCK Zameczek. Do udzia\u0142u w Konkursie zaproszeni zostali mieszka\u0144cy Siemianowic \u015al\u0105skich. Ka\u017cdy uczestnik m\u00f3g\u0142 zg\u0142osi\u0107 2 oryginalne, niepublikowane wcze\u015bniej utwory. Celem projektu jest prezentacja i promocja dorobku lokalnych tw\u00f3rc\u00f3w oraz inspirowanie i rozwijanie aktywno\u015bci tw\u00f3rczej, szczeg\u00f3lnie m\u0142odego pokolenia. Jedn\u0105 z nagr\u00f3d by\u0142 wydany w ramach zadania tomik poezji zebranej zmar\u0142ego w ubieg\u0142ym roku Profesora Eugeniusza Sikorskiego. Celem projektu jest bowiem r\u00f3wnie\u017c zachowanie spu\u015bcizny Profesora, kt\u00f3ry nie zd\u0105\u017cy\u0142 opublikowa\u0107 swoich utwor\u00f3w. E. Sikorski by\u0142 wieloletnim nauczycielem w II LO, za\u0142o\u017cycielem studenckiego Teatru 12a (funkcjonowa\u0142 w legendarnym Klubie PULS, znanym z piosenki D\u017cemu) oraz dzia\u0142aj\u0105cego ju\u017c niemal 3 dekady szkolnego Teatru Niedu\u017cego. Publikacja przekazana zosta\u0142a tw\u00f3rcom, widzom oraz bibliotekom i o\u015brodkom kultury woj. \u015bl\u0105skiego.<\/p>\n<p>Informacje o \u201eWieczorze Poetyckim\u201d i zdj\u0119cia znajdziecie tu:<br \/><a href=\"http:\/\/www.siemianowice.pl\/aktualnosci\/sztuka-ktora-cieszy-wieczor-poetycki-w-ii-liceum-ogolnoksztalcacym.17020\/\">http:\/\/www.siemianowice.pl\/aktualnosci\/sztuka-ktora-cieszy-wieczor-poetycki-w-ii-liceum-ogolnoksztalcacym.17020\/<\/a><br \/><a href=\"https:\/\/slaskiesiemianowice.pl\/konkurs-upamietniajacy-eugeniusza-sikorskiego\/\">https:\/\/slaskiesiemianowice.pl\/konkurs-upamietniajacy-eugeniusza-sikorskiego\/<\/a><br \/><a href=\"https:\/\/www.facebook.com\/permalink.php?id=170684139644736&amp;story_fbid=3509964452383338\">https:\/\/www.facebook.com\/permalink.php?id=170684139644736&amp;story_fbid=3509964452383338<\/a><br \/><a href=\"https:\/\/www.facebook.com\/170684139644736\/posts\/3507833505929766\/\">https:\/\/www.facebook.com\/170684139644736\/posts\/3507833505929766\/<\/a><br \/><a href=\"http:\/\/sp1.siemce.pl\/2020\/10\/20\/sukces-poetycki\/\">http:\/\/sp1.siemce.pl\/2020\/10\/20\/sukces-poetycki\/<\/a><br \/><a href=\"https:\/\/mateja.edu.pl\/?p=550578\">https:\/\/mateja.edu.pl\/?p=550578<\/a><br \/><a href=\"https:\/\/fb.watch\/274Jm1AIL0\/\">https:\/\/fb.watch\/274Jm1AIL0\/<\/a><br \/><a href=\"https:\/\/fb.watch\/274LYO7r5q\/\">https:\/\/fb.watch\/274LYO7r5q\/<\/a><br \/><a href=\"https:\/\/fb.watch\/274MYfFORC\/\">https:\/\/fb.watch\/274MYfFORC\/<\/a><br \/><a href=\"https:\/\/fb.watch\/274N_XlGlI\/\">https:\/\/fb.watch\/274N_XlGlI\/<\/a><br \/><a href=\"https:\/\/fb.watch\/274O-u4N8c\/\">https:\/\/fb.watch\/274O-u4N8c\/<\/a><br \/><a href=\"https:\/\/fb.watch\/274S89V8vp\/\">https:\/\/fb.watch\/274S89V8vp\/<\/a><br \/><a href=\"https:\/\/fb.watch\/274TyJu9FU\/\">https:\/\/fb.watch\/274TyJu9FU\/<\/a><\/p>\n<p>Wszyscy, kt\u00f3rzy chcieliby otrzyma\u0107 tomik wierszy Profesora (zosta\u0142o nam jeszcze par\u0119 egzemplarzy) proszeni s\u0105 o kontakt mailowy: <strong>absolwenci@mateja.edu.pl<\/strong><\/p>\n<p>\u00a0<\/p>\n<p style=\"text-align: center;\" align=\"center\"><strong><span style=\"font-family: 'Times New Roman', serif; color: #ff0000;\"><span style=\"font-size: x-large;\">Zaproszenie<\/span><\/span><\/strong><\/p>\n<p align=\"justify\"><span style=\"font-family: Times New Roman, serif;\"><span style=\"font-size: medium;\">Drogie Nauczycielki i Nauczyciele, Drodzy Uczniowie i m\u0142odzi poeci.<\/span><\/span><\/p>\n<p align=\"justify\"><span style=\"font-family: Times New Roman, serif;\"><span style=\"font-size: medium;\"><b>Zapraszamy do udzia\u0142u w konkursie \u201ePoetyckie drogi\u201d.<\/b><\/span><\/span><span style=\"font-family: Times New Roman, serif;\"><span style=\"font-size: medium;\"> Dedykowany jest on zmar\u0142emu rok temu nauczycielowi j\u0119zyka polskiego w II LO w Siemianowicach \u015al., Eugeniuszowi Sikorskiemu. Profesor Sikorski, tw\u00f3rca legendarnego studenckiego Teatru 12a (dzia\u0142aj\u0105cego w znanym z piosenki D\u017cemu klubie PULS) oraz szkolnego Teatru Niedu\u017cego wychowa\u0142 wiele pokole\u0144 wra\u017cliwych na pi\u0119kno j\u0119zyka uczni\u00f3w. Pragniemy go uczci\u0107 Wieczorem Poetyckim w SCK Zameczek oraz wydaniem tomiku jego wierszy. W tomiku znajd\u0105 si\u0119 te\u017c wiersze nagrodzonych w naszym konkursie uczni\u00f3w i m\u0142odych poet\u00f3w. <\/span><\/span><\/p>\n<p align=\"justify\"><span style=\"font-family: Times New Roman, serif;\"><span style=\"font-size: medium;\"> Dlatego gor\u0105co zapraszamy do inspirowania, zach\u0119cania i zg\u0142aszania si\u0119 oraz swoich podopiecznych. Piel\u0119gnowanie wra\u017cliwo\u015bci m\u0142odych ludzi w trudnych czasach jest naszym szczeg\u00f3lnym obowi\u0105zkiem i przywilejem.<\/span><\/span><\/p>\n<p align=\"justify\"><span style=\"font-family: Times New Roman, serif;\"><span style=\"font-size: medium;\"><b>Zg\u0142oszenia przyjmujemy do 22 wrze\u015bnia.<\/b><\/span><\/span><span style=\"font-family: Times New Roman, serif;\"><span style=\"font-size: medium;\">\u00a0<\/span><\/span><\/p>\n<p align=\"justify\"><span style=\"font-family: Times New Roman, serif;\"><span style=\"font-size: medium;\">Organizatorem Konkursu jest Stowarzyszenie Absolwent\u00f3w i Przyjaci\u00f3\u0142 II LO, a nagrody rzeczowe i publikacj\u0119 tomiku wsp\u00f3\u0142finansuje Gmina Siemianowice \u015al\u0105skie.<\/span><\/span><\/p>\n<p align=\"justify\">Regulamin: <a href=\"https:\/\/stowarzyszenie.mateja.edu.pl\/wp-content\/uploads\/2020\/09\/Poetyckie-drogi-2020.-Regulamin.-Stowarzyszenie-MATEJA.pdf\">Poetyckie drogi 2020. Regulamin. Stowarzyszenie MATEJA<\/a><\/p>\n<p align=\"justify\">Formularz zg\u0142oszenia ucznia: <a href=\"https:\/\/stowarzyszenie.mateja.edu.pl\/wp-content\/uploads\/2020\/09\/Zg\u0142oszenie_Poetyckie-drogi-2020-ucze\u0144.pdf\">Zg\u0142oszenie_Poetyckie drogi 2020, ucze\u0144<\/a><\/p>\n<p align=\"justify\">Formularz zg\u0142oszenia osoby pe\u0142noletniej: <a href=\"https:\/\/stowarzyszenie.mateja.edu.pl\/wp-content\/uploads\/2020\/09\/Zg\u0142oszenie_Poetyckie-drogi-2020-pe\u0142noletni.pdf\">Zg\u0142oszenie_Poetyckie drogi 2020, pe\u0142noletni<\/a><\/p>\n<p style=\"text-align: right;\" align=\"justify\">Serdecznie zapraszamy \ud83d\ude42<\/p>\n<p align=\"justify\">\u00a0<\/p>\n<h3><span style=\"color: #ff0000;\">Z przyczyn od nas niezale\u017cnych zmuszeni jeste\u015bmy do prze\u0142o\u017cenia Balu Charytatywnego dla Helenki.<\/span><\/h3>\n<h1 style=\"text-align: center;\">\u00a0<\/h1>\n<p>\u00a0<\/p>\n<p>Wszystkich, kt\u00f3rzy s\u0105 Absolwentami lub\/i Przyjaci\u00f3\u0142mi Matei zapraszamy serdecznie do wsp\u00f3\u0142pracy i kontaktu.<\/p>\n<p>Do zobaczenia! \ud83d\ude42<\/p>\n\n\n<figure class=\"wp-block-gallery has-nested-images columns-default is-cropped wp-block-gallery-1 is-layout-flex wp-block-gallery-is-layout-flex\">\n<figure class=\"wp-block-image size-large\"><img loading=\"lazy\" decoding=\"async\" width=\"498\" height=\"1024\" data-id=\"623\" src=\"https:\/\/stowarzyszenie.mateja.edu.pl\/wp-content\/uploads\/2020\/12\/121656991_3509958789050571_3903102256714976151_o-498x1024.jpg\" alt=\"\" class=\"wp-image-623\" srcset=\"https:\/\/stowarzyszenie.mateja.edu.pl\/wp-content\/uploads\/2020\/12\/121656991_3509958789050571_3903102256714976151_o-498x1024.jpg 498w, https:\/\/stowarzyszenie.mateja.edu.pl\/wp-content\/uploads\/2020\/12\/121656991_3509958789050571_3903102256714976151_o-146x300.jpg 146w, https:\/\/stowarzyszenie.mateja.edu.pl\/wp-content\/uploads\/2020\/12\/121656991_3509958789050571_3903102256714976151_o-520x1069.jpg 520w, https:\/\/stowarzyszenie.mateja.edu.pl\/wp-content\/uploads\/2020\/12\/121656991_3509958789050571_3903102256714976151_o.jpg 640w\" sizes=\"auto, (max-width: 498px) 100vw, 498px\" \/><\/figure>\n\n\n\n<figure class=\"wp-block-image size-large\"><img loading=\"lazy\" decoding=\"async\" width=\"720\" height=\"960\" data-id=\"624\" src=\"https:\/\/stowarzyszenie.mateja.edu.pl\/wp-content\/uploads\/2020\/12\/122206400_3509964215716695_2626831698284381263_n.jpg\" alt=\"\" class=\"wp-image-624\" srcset=\"https:\/\/stowarzyszenie.mateja.edu.pl\/wp-content\/uploads\/2020\/12\/122206400_3509964215716695_2626831698284381263_n.jpg 720w, https:\/\/stowarzyszenie.mateja.edu.pl\/wp-content\/uploads\/2020\/12\/122206400_3509964215716695_2626831698284381263_n-225x300.jpg 225w, https:\/\/stowarzyszenie.mateja.edu.pl\/wp-content\/uploads\/2020\/12\/122206400_3509964215716695_2626831698284381263_n-520x693.jpg 520w\" sizes=\"auto, (max-width: 720px) 100vw, 720px\" \/><\/figure>\n\n\n\n<figure class=\"wp-block-image size-large\"><img loading=\"lazy\" decoding=\"async\" width=\"960\" height=\"720\" data-id=\"625\" src=\"https:\/\/stowarzyszenie.mateja.edu.pl\/wp-content\/uploads\/2020\/12\/122214382_3509962819050168_8930592140119262708_n.jpg\" alt=\"\" class=\"wp-image-625\" srcset=\"https:\/\/stowarzyszenie.mateja.edu.pl\/wp-content\/uploads\/2020\/12\/122214382_3509962819050168_8930592140119262708_n.jpg 960w, https:\/\/stowarzyszenie.mateja.edu.pl\/wp-content\/uploads\/2020\/12\/122214382_3509962819050168_8930592140119262708_n-300x225.jpg 300w, https:\/\/stowarzyszenie.mateja.edu.pl\/wp-content\/uploads\/2020\/12\/122214382_3509962819050168_8930592140119262708_n-768x576.jpg 768w, https:\/\/stowarzyszenie.mateja.edu.pl\/wp-content\/uploads\/2020\/12\/122214382_3509962819050168_8930592140119262708_n-520x390.jpg 520w, https:\/\/stowarzyszenie.mateja.edu.pl\/wp-content\/uploads\/2020\/12\/122214382_3509962819050168_8930592140119262708_n-740x555.jpg 740w\" sizes=\"auto, (max-width: 960px) 100vw, 960px\" \/><\/figure>\n\n\n\n<figure class=\"wp-block-image size-large\"><img loading=\"lazy\" decoding=\"async\" width=\"498\" height=\"1024\" data-id=\"630\" src=\"https:\/\/stowarzyszenie.mateja.edu.pl\/wp-content\/uploads\/2020\/12\/122382706_3509960925717024_3404325109911010145_o-498x1024.jpg\" alt=\"\" class=\"wp-image-630\" srcset=\"https:\/\/stowarzyszenie.mateja.edu.pl\/wp-content\/uploads\/2020\/12\/122382706_3509960925717024_3404325109911010145_o-498x1024.jpg 498w, https:\/\/stowarzyszenie.mateja.edu.pl\/wp-content\/uploads\/2020\/12\/122382706_3509960925717024_3404325109911010145_o-146x300.jpg 146w, https:\/\/stowarzyszenie.mateja.edu.pl\/wp-content\/uploads\/2020\/12\/122382706_3509960925717024_3404325109911010145_o-520x1069.jpg 520w, https:\/\/stowarzyszenie.mateja.edu.pl\/wp-content\/uploads\/2020\/12\/122382706_3509960925717024_3404325109911010145_o.jpg 640w\" sizes=\"auto, (max-width: 498px) 100vw, 498px\" \/><\/figure>\n\n\n\n<figure class=\"wp-block-image size-large\"><img loading=\"lazy\" decoding=\"async\" width=\"682\" height=\"960\" data-id=\"629\" src=\"https:\/\/stowarzyszenie.mateja.edu.pl\/wp-content\/uploads\/2020\/12\/122274709_3509961819050268_2437905668907443279_n.jpg\" alt=\"\" class=\"wp-image-629\" srcset=\"https:\/\/stowarzyszenie.mateja.edu.pl\/wp-content\/uploads\/2020\/12\/122274709_3509961819050268_2437905668907443279_n.jpg 682w, https:\/\/stowarzyszenie.mateja.edu.pl\/wp-content\/uploads\/2020\/12\/122274709_3509961819050268_2437905668907443279_n-213x300.jpg 213w, https:\/\/stowarzyszenie.mateja.edu.pl\/wp-content\/uploads\/2020\/12\/122274709_3509961819050268_2437905668907443279_n-520x732.jpg 520w\" sizes=\"auto, (max-width: 682px) 100vw, 682px\" \/><\/figure>\n\n\n\n<figure class=\"wp-block-image size-large\"><img loading=\"lazy\" decoding=\"async\" width=\"720\" height=\"960\" data-id=\"628\" src=\"https:\/\/stowarzyszenie.mateja.edu.pl\/wp-content\/uploads\/2020\/12\/122241529_3509964102383373_6905993270049144962_n.jpg\" alt=\"\" class=\"wp-image-628\" srcset=\"https:\/\/stowarzyszenie.mateja.edu.pl\/wp-content\/uploads\/2020\/12\/122241529_3509964102383373_6905993270049144962_n.jpg 720w, https:\/\/stowarzyszenie.mateja.edu.pl\/wp-content\/uploads\/2020\/12\/122241529_3509964102383373_6905993270049144962_n-225x300.jpg 225w, https:\/\/stowarzyszenie.mateja.edu.pl\/wp-content\/uploads\/2020\/12\/122241529_3509964102383373_6905993270049144962_n-520x693.jpg 520w\" sizes=\"auto, (max-width: 720px) 100vw, 720px\" \/><\/figure>\n\n\n\n<figure class=\"wp-block-image size-large\"><img loading=\"lazy\" decoding=\"async\" width=\"960\" height=\"720\" data-id=\"627\" src=\"https:\/\/stowarzyszenie.mateja.edu.pl\/wp-content\/uploads\/2020\/12\/122240442_3509963459050104_854899514208727480_n.jpg\" alt=\"\" class=\"wp-image-627\" srcset=\"https:\/\/stowarzyszenie.mateja.edu.pl\/wp-content\/uploads\/2020\/12\/122240442_3509963459050104_854899514208727480_n.jpg 960w, https:\/\/stowarzyszenie.mateja.edu.pl\/wp-content\/uploads\/2020\/12\/122240442_3509963459050104_854899514208727480_n-300x225.jpg 300w, https:\/\/stowarzyszenie.mateja.edu.pl\/wp-content\/uploads\/2020\/12\/122240442_3509963459050104_854899514208727480_n-768x576.jpg 768w, https:\/\/stowarzyszenie.mateja.edu.pl\/wp-content\/uploads\/2020\/12\/122240442_3509963459050104_854899514208727480_n-520x390.jpg 520w, https:\/\/stowarzyszenie.mateja.edu.pl\/wp-content\/uploads\/2020\/12\/122240442_3509963459050104_854899514208727480_n-740x555.jpg 740w\" sizes=\"auto, (max-width: 960px) 100vw, 960px\" \/><\/figure>\n\n\n\n<figure class=\"wp-block-image size-large\"><img loading=\"lazy\" decoding=\"async\" width=\"1024\" height=\"498\" data-id=\"626\" src=\"https:\/\/stowarzyszenie.mateja.edu.pl\/wp-content\/uploads\/2020\/12\/122235572_3509958915717225_1598148362402349243_o-1024x498.jpg\" alt=\"\" class=\"wp-image-626\" srcset=\"https:\/\/stowarzyszenie.mateja.edu.pl\/wp-content\/uploads\/2020\/12\/122235572_3509958915717225_1598148362402349243_o-1024x498.jpg 1024w, https:\/\/stowarzyszenie.mateja.edu.pl\/wp-content\/uploads\/2020\/12\/122235572_3509958915717225_1598148362402349243_o-300x146.jpg 300w, https:\/\/stowarzyszenie.mateja.edu.pl\/wp-content\/uploads\/2020\/12\/122235572_3509958915717225_1598148362402349243_o-768x373.jpg 768w, https:\/\/stowarzyszenie.mateja.edu.pl\/wp-content\/uploads\/2020\/12\/122235572_3509958915717225_1598148362402349243_o-520x253.jpg 520w, https:\/\/stowarzyszenie.mateja.edu.pl\/wp-content\/uploads\/2020\/12\/122235572_3509958915717225_1598148362402349243_o-740x360.jpg 740w, https:\/\/stowarzyszenie.mateja.edu.pl\/wp-content\/uploads\/2020\/12\/122235572_3509958915717225_1598148362402349243_o.jpg 1316w\" sizes=\"auto, (max-width: 1024px) 100vw, 1024px\" \/><\/figure>\n<\/figure>\n\n\n<div class=\"wp-block-image\">\n<figure class=\"aligncenter size-large\"><img loading=\"lazy\" decoding=\"async\" width=\"640\" height=\"480\" src=\"https:\/\/stowarzyszenie.mateja.edu.pl\/wp-content\/uploads\/2020\/02\/STOW_LOGO-4.png\" alt=\"\" class=\"wp-image-533\" srcset=\"https:\/\/stowarzyszenie.mateja.edu.pl\/wp-content\/uploads\/2020\/02\/STOW_LOGO-4.png 640w, https:\/\/stowarzyszenie.mateja.edu.pl\/wp-content\/uploads\/2020\/02\/STOW_LOGO-4-300x225.png 300w, https:\/\/stowarzyszenie.mateja.edu.pl\/wp-content\/uploads\/2020\/02\/STOW_LOGO-4-520x390.png 520w\" sizes=\"auto, (max-width: 640px) 100vw, 640px\" \/><\/figure>\n<\/div>","protected":false},"excerpt":{"rendered":"<p><a class=\"read-more\" href=\"https:\/\/stowarzyszenie.mateja.edu.pl\/\">Continue reading<\/a><\/p>\n","protected":false},"author":1,"featured_media":0,"parent":0,"menu_order":0,"comment_status":"closed","ping_status":"closed","template":"page-templates\/page_fullwidth.php","meta":{"jetpack_post_was_ever_published":false,"footnotes":""},"class_list":["post-32","page","type-page","status-publish","hentry"],"jetpack_sharing_enabled":true,"jetpack_shortlink":"https:\/\/wp.me\/P9GPbi-w","_links":{"self":[{"href":"https:\/\/stowarzyszenie.mateja.edu.pl\/index.php\/wp-json\/wp\/v2\/pages\/32","targetHints":{"allow":["GET"]}}],"collection":[{"href":"https:\/\/stowarzyszenie.mateja.edu.pl\/index.php\/wp-json\/wp\/v2\/pages"}],"about":[{"href":"https:\/\/stowarzyszenie.mateja.edu.pl\/index.php\/wp-json\/wp\/v2\/types\/page"}],"author":[{"embeddable":true,"href":"https:\/\/stowarzyszenie.mateja.edu.pl\/index.php\/wp-json\/wp\/v2\/users\/1"}],"replies":[{"embeddable":true,"href":"https:\/\/stowarzyszenie.mateja.edu.pl\/index.php\/wp-json\/wp\/v2\/comments?post=32"}],"version-history":[{"count":25,"href":"https:\/\/stowarzyszenie.mateja.edu.pl\/index.php\/wp-json\/wp\/v2\/pages\/32\/revisions"}],"predecessor-version":[{"id":708,"href":"https:\/\/stowarzyszenie.mateja.edu.pl\/index.php\/wp-json\/wp\/v2\/pages\/32\/revisions\/708"}],"wp:attachment":[{"href":"https:\/\/stowarzyszenie.mateja.edu.pl\/index.php\/wp-json\/wp\/v2\/media?parent=32"}],"curies":[{"name":"wp","href":"https:\/\/api.w.org\/{rel}","templated":true}]}}